{"id":2359,"date":"2015-03-13T11:22:09","date_gmt":"2015-03-13T11:22:09","guid":{"rendered":"http:\/\/demo-content.kaliumtheme.com\/architecture\/?page_id=2359"},"modified":"2021-11-25T22:28:36","modified_gmt":"2021-11-25T22:28:36","slug":"studio","status":"publish","type":"page","link":"http:\/\/mwjwarchitekci.pl\/?page_id=2359","title":{"rendered":"PRACOWNIA"},"content":{"rendered":"<div class=\"wpb-content-wrapper\"><p>[vc_row][vc_column][vc_column_text][\/vc_column_text][vc_column_text][\/vc_column_text][\/vc_column][\/vc_row][vc_row][vc_column][vc_column_text]<strong>MWJW ARCHITEKCI<\/strong> za\u0142o\u017cyli\u015bmy w <strong>2011<\/strong> roku i w\u00a0tym okresie wykonali\u015bmy wiele projekt\u00f3w &#8211; wn\u0119trz publicznych oraz prywatnych, dom\u00f3w, aran\u017cacji, rewitalizacji &#8211; kt\u00f3re zlokalizowane by\u0142y przede wszystkim w Polsce, ale r\u00f3wnie\u017c we Francji, W\u0142oszech i Wielkiej Brytanii.<\/p>\n<p>Dzi\u0119ki do\u015bwiadczeniu zdobytemu w uznanych pracowniach polskich i zagranicznych, posiadamy wiedz\u0119 niezb\u0119dn\u0105 do efektywnego projektowania.<br \/>\nWspomagamy Inwestora w ca\u0142ym procesie inwestycyjnym \u2013 od doradztwa przy zakupie nieruchomo\u015bci, przez wszystkie fazy projektowania, kontakty z urz\u0119dami, a\u017c po uzyskanie pozwolenia na budow\u0119 i nadzorowanie wykonawcy.<br \/>\nNasza praca jest jednocze\u015bnie nasz\u0105 pasj\u0105 \u2013 do ka\u017cdego projektu podchodzimy indywidualnie, odpowiadaj\u0105c na zapotrzebowanie Inwestora.<\/p>\n<p>Zapraszamy do wsp\u00f3\u0142pracy![\/vc_column_text][\/vc_column][\/vc_row][vc_row full_width=&#8221;stretch_row_content_no_spaces&#8221; parallax_enable=&#8221;yes&#8221; parallax_ratio=&#8221;0.7&#8243; css=&#8221;.vc_custom_1481639170902{margin-bottom: 0px !important;}&#8221;][vc_column width=&#8221;1\/2&#8243; reveal_effect=&#8221;fadeIn&#8221; reveal_duration=&#8221;1&#8243; css=&#8221;.vc_custom_1484297511165{margin-right: 0px !important;padding-right: 0px !important;}&#8221; offset=&#8221;vc_col-xs-12&#8243;][\/vc_column][vc_column width=&#8221;1\/2&#8243; reveal_effect=&#8221;fadeIn&#8221; css=&#8221;.vc_custom_1428001406234{margin-left: 0px !important;padding-left: 0px !important;background-color: #ffffff !important;}&#8221; reveal_duration=&#8221;1&#8243;][\/vc_column][\/vc_row][vc_row full_width=&#8221;stretch_row_content_no_spaces&#8221; parallax_enable=&#8221;yes&#8221; parallax_ratio=&#8221;0.9&#8243; css=&#8221;.vc_custom_1481639182804{margin-bottom: 0px !important;}&#8221;][vc_column width=&#8221;1\/2&#8243; reveal_effect=&#8221;fadeIn&#8221; reveal_duration=&#8221;1&#8243; css=&#8221;.vc_custom_1428001859898{padding: 65px !important;background-color: #ffffff !important;}&#8221;][vc_custom_heading text=&#8221;&#8221; font_container=&#8221;tag:h2|font_size:50px|text_align:left|color:%23666666|line_height:60px&#8221; google_fonts=&#8221;font_family:Open%20Sans%3A300%2C300italic%2Cregular%2Citalic%2C600%2C600italic%2C700%2C700italic%2C800%2C800italic|font_style:300%20light%20italic%3A300%3Aitalic&#8221;][vc_row_inner][vc_column_inner][\/vc_column_inner][\/vc_row_inner][vc_column_text][\/vc_column_text][\/vc_column][\/vc_row][vc_row full_width=&#8221;stretch_row_content_no_spaces&#8221; css=&#8221;.vc_custom_1481639188309{margin-bottom: 0px !important;background-color: #ffffff !important;}&#8221;][vc_column width=&#8221;1\/2&#8243; reveal_effect=&#8221;fadeIn&#8221; reveal_duration=&#8221;1&#8243; css=&#8221;.vc_custom_1498127344718{padding-top: 0px !important;}&#8221;][vc_single_image image=&#8221;3747&#8243; img_size=&#8221;full&#8221; css=&#8221;.vc_custom_1498227679088{margin-bottom: 0px !important;}&#8221;][\/vc_column][vc_column width=&#8221;1\/2&#8243; reveal_effect=&#8221;fadeIn&#8221; reveal_duration=&#8221;1&#8243; css=&#8221;.vc_custom_1464351220435{padding-top: 65px !important;padding-right: 65px !important;padding-bottom: 65px !important;padding-left: 65px !important;background-color: #ffffff !important;}&#8221;][vc_custom_heading text=&#8221;&#8221; font_container=&#8221;tag:h2|font_size:50px|text_align:left|color:%23666666&#8243; google_fonts=&#8221;font_family:Open%20Sans%3A300%2C300italic%2Cregular%2Citalic%2C600%2C600italic%2C700%2C700italic%2C800%2C800italic|font_style:300%20light%20italic%3A300%3Aitalic&#8221;][vc_row_inner][vc_column_inner][\/vc_column_inner][\/vc_row_inner][vc_column_text][\/vc_column_text][\/vc_column][\/vc_row]<\/p>\n<\/div>","protected":false},"excerpt":{"rendered":"<p>[vc_row][vc_column][vc_column_text][\/vc_column_text][vc_column_text][\/vc_column_text][\/vc_column][\/vc_row][vc_row][vc_column][vc_column_text]MWJW ARCHITEKCI za\u0142o\u017cyli\u015bmy w 2011 roku i w\u00a0tym okresie wykonali\u015bmy wiele projekt\u00f3w &#8211; wn\u0119trz publicznych oraz prywatnych, dom\u00f3w, aran\u017cacji, rewitalizacji &#8211; kt\u00f3re zlokalizowane by\u0142y przede wszystkim w Polsce, ale r\u00f3wnie\u017c we Francji, W\u0142oszech i Wielkiej Brytanii. Dzi\u0119ki do\u015bwiadczeniu zdobytemu w uznanych pracowniach polskich i zagranicznych, posiadamy wiedz\u0119 niezb\u0119dn\u0105 do efektywnego projektowania. Wspomagamy Inwestora w ca\u0142ym&hellip;<\/p>\n","protected":false},"author":1,"featured_media":0,"parent":0,"menu_order":0,"comment_status":"open","ping_status":"closed","template":"","meta":{"_acf_changed":false,"footnotes":""},"class_list":["post-2359","page","type-page","status-publish","hentry"],"acf":[],"_links":{"self":[{"href":"http:\/\/mwjwarchitekci.pl\/index.php?rest_route=\/wp\/v2\/pages\/2359","targetHints":{"allow":["GET"]}}],"collection":[{"href":"http:\/\/mwjwarchitekci.pl\/index.php?rest_route=\/wp\/v2\/pages"}],"about":[{"href":"http:\/\/mwjwarchitekci.pl\/index.php?rest_route=\/wp\/v2\/types\/page"}],"author":[{"embeddable":true,"href":"http:\/\/mwjwarchitekci.pl\/index.php?rest_route=\/wp\/v2\/users\/1"}],"replies":[{"embeddable":true,"href":"http:\/\/mwjwarchitekci.pl\/index.php?rest_route=%2Fwp%2Fv2%2Fcomments&post=2359"}],"version-history":[{"count":14,"href":"http:\/\/mwjwarchitekci.pl\/index.php?rest_route=\/wp\/v2\/pages\/2359\/revisions"}],"predecessor-version":[{"id":5188,"href":"http:\/\/mwjwarchitekci.pl\/index.php?rest_route=\/wp\/v2\/pages\/2359\/revisions\/5188"}],"wp:attachment":[{"href":"http:\/\/mwjwarchitekci.pl\/index.php?rest_route=%2Fwp%2Fv2%2Fmedia&parent=2359"}],"curies":[{"name":"wp","href":"https:\/\/api.w.org\/{rel}","templated":true}]}}